{"id":6639,"date":"2023-08-10T09:12:40","date_gmt":"2023-08-10T09:12:40","guid":{"rendered":"http:\/\/192.168.0.6\/solari-new\/?page_id=6639"},"modified":"2025-07-11T17:38:21","modified_gmt":"2025-07-11T17:38:21","slug":"integracao-do-plano-climatico-com-o-planejamento-urbano-e-territorial","status":"publish","type":"page","link":"https:\/\/projeto87.doi2versos.com.br\/index.php\/integracao-do-plano-climatico-com-o-planejamento-urbano-e-territorial\/","title":{"rendered":"Integra\u00e7\u00e3o do Plano Clim\u00e1tico com o Planejamento Urbano e Territorial"},"content":{"rendered":"\t\t<div data-elementor-type=\"wp-page\" data-elementor-id=\"6639\" class=\"elementor elementor-6639\">\n\t\t\t\t\t\t<section class=\"elementor-section elementor-top-section elementor-element elementor-element-d5f81b7 elementor-reverse-mobile elementor-section-boxed elementor-section-height-default elementor-section-height-default rt-default-class\" data-id=\"d5f81b7\" data-element_type=\"section\">\n\t\t\t\t\t\t<div class=\"elementor-container elementor-column-gap-default\">\n\t\t\t\t\t<div class=\"elementor-column elementor-col-66 elementor-top-column elementor-element elementor-element-5102b95 rt-default-class\" data-id=\"5102b95\" data-element_type=\"column\">\n\t\t\t<div class=\"elementor-widget-wrap elementor-element-populated\">\n\t\t\t\t\t\t<div class=\"elementor-element elementor-element-5d977bb rt-default-class elementor-widget elementor-widget-image\" data-id=\"5d977bb\" data-element_type=\"widget\" data-widget_type=\"image.default\">\n\t\t\t\t<div class=\"elementor-widget-container\">\n\t\t\t\t\t\t\t\t\t\t\t\t\t\t\t<img fetchpriority=\"high\" decoding=\"async\" width=\"944\" height=\"550\" src=\"https:\/\/projeto87.doi2versos.com.br\/wp-content\/uploads\/2025\/07\/2-2.png\" class=\"attachment-full size-full wp-image-11105\" alt=\"\" srcset=\"https:\/\/projeto87.doi2versos.com.br\/wp-content\/uploads\/2025\/07\/2-2.png 944w, https:\/\/projeto87.doi2versos.com.br\/wp-content\/uploads\/2025\/07\/2-2-300x175.png 300w, https:\/\/projeto87.doi2versos.com.br\/wp-content\/uploads\/2025\/07\/2-2-768x447.png 768w, https:\/\/projeto87.doi2versos.com.br\/wp-content\/uploads\/2025\/07\/2-2-600x350.png 600w\" sizes=\"(max-width: 944px) 100vw, 944px\" \/>\t\t\t\t\t\t\t\t\t\t\t\t\t\t\t<\/div>\n\t\t\t\t<\/div>\n\t\t\t\t<div class=\"elementor-element elementor-element-1d836c2 rt-default-class elementor-widget elementor-widget-heading\" data-id=\"1d836c2\" data-element_type=\"widget\" data-widget_type=\"heading.default\">\n\t\t\t\t<div class=\"elementor-widget-container\">\n\t\t\t\t\t<h3 class=\"elementor-heading-title elementor-size-default\">Integra\u00e7\u00e3o do Plano Clim\u00e1tico com o Planejamento Urbano e Territorial<\/h3>\t\t\t\t<\/div>\n\t\t\t\t<\/div>\n\t\t\t\t<div class=\"elementor-element elementor-element-4cdc4e1 rt-default-class elementor-widget elementor-widget-text-editor\" data-id=\"4cdc4e1\" data-element_type=\"widget\" data-widget_type=\"text-editor.default\">\n\t\t\t\t<div class=\"elementor-widget-container\">\n\t\t\t\t\t\t\t\t\t<p class=\"disc\"><span style=\"font-weight: 400;\">Um dos maiores desafios enfrentados por munic\u00edpios \u00e9 a desconex\u00e3o entre os planos e pol\u00edticas p\u00fablicas. A Inovaclima resolve isso por meio da integra\u00e7\u00e3o do plano clim\u00e1tico com o <\/span><b>Plano Diretor<\/b><span style=\"font-weight: 400;\">, <\/span><b>Plano de Mobilidade Urbana<\/b><span style=\"font-weight: 400;\">, <\/span><b>Plano de Saneamento<\/b><span style=\"font-weight: 400;\"> e demais instrumentos de gest\u00e3o.<\/span><\/p><p><span style=\"font-weight: 400;\">Essa integra\u00e7\u00e3o evita sobreposi\u00e7\u00e3o de a\u00e7\u00f5es, melhora o aproveitamento de recursos e cria uma vis\u00e3o \u00fanica de desenvolvimento sustent\u00e1vel para o territ\u00f3rio.<\/span><\/p>\t\t\t\t\t\t\t\t<\/div>\n\t\t\t\t<\/div>\n\t\t\t\t<section class=\"elementor-section elementor-inner-section elementor-element elementor-element-9e01739 elementor-section-content-middle elementor-section-boxed elementor-section-height-default elementor-section-height-default rt-default-class\" data-id=\"9e01739\" data-element_type=\"section\">\n\t\t\t\t\t\t<div class=\"elementor-container elementor-column-gap-default\">\n\t\t\t\t\t<div class=\"elementor-column elementor-col-50 elementor-inner-column elementor-element elementor-element-022589a rt-default-class\" data-id=\"022589a\" data-element_type=\"column\">\n\t\t\t<div class=\"elementor-widget-wrap elementor-element-populated\">\n\t\t\t\t\t\t<div class=\"elementor-element elementor-element-98116a0 rt-default-class elementor-widget elementor-widget-image\" data-id=\"98116a0\" data-element_type=\"widget\" data-widget_type=\"image.default\">\n\t\t\t\t<div class=\"elementor-widget-container\">\n\t\t\t\t\t\t\t\t\t\t\t\t\t\t\t<img decoding=\"async\" width=\"386\" height=\"260\" src=\"https:\/\/projeto87.doi2versos.com.br\/wp-content\/uploads\/2025\/07\/2-3.png\" class=\"attachment-large size-large wp-image-11110\" alt=\"\" srcset=\"https:\/\/projeto87.doi2versos.com.br\/wp-content\/uploads\/2025\/07\/2-3.png 386w, https:\/\/projeto87.doi2versos.com.br\/wp-content\/uploads\/2025\/07\/2-3-300x202.png 300w\" sizes=\"(max-width: 386px) 100vw, 386px\" \/>\t\t\t\t\t\t\t\t\t\t\t\t\t\t\t<\/div>\n\t\t\t\t<\/div>\n\t\t\t\t\t<\/div>\n\t\t<\/div>\n\t\t\t\t<div class=\"elementor-column elementor-col-50 elementor-inner-column elementor-element elementor-element-6c7565e rt-default-class\" data-id=\"6c7565e\" data-element_type=\"column\">\n\t\t\t<div class=\"elementor-widget-wrap elementor-element-populated\">\n\t\t\t\t\t\t<div class=\"elementor-element elementor-element-5be6bf5 rt-default-class elementor-widget elementor-widget-react-heading\" data-id=\"5be6bf5\" data-element_type=\"widget\" data-widget_type=\"react-heading.default\">\n\t\t\t\t<div class=\"elementor-widget-container\">\n\t\t\t\t\t\r\n\t\t<div class=\"react-heading default  title-border-no\">\r\n\t\t\t<div class=\"title-inner no\">\r\n\t\t\t\t<div class=\"skew-up \"><h4 class=\"title word-line\">Entregas espec\u00edficas<\/h4><\/div>\t\t\t<\/div>\r\n\t\t\t\t\t\t\t\t\t\t<div class=\"description\">\r\n\t\t\t\t\t<p>Catalysts for change before fully tested markets are maintain wireless scenarios after intermandated applications predominate revolutionary.<\/p>\t\t\t\t<\/div>\r\n\t\t\t\r\n\t\t\t\r\n\t\t\t\t<div class=\"rt-button\">\r\n\r\n\t\t\t\t\t\t\t\t\t\t<a class=\"readon react_button elementor-animation-\" href=\"\" >\r\n\t\t\t\t\t\t<span >View More<\/span>\r\n\r\n\t\t\t\t\t\t\t\t\t\t\t<\/a>\r\n\r\n\t\t\t\t<\/div>\r\n\t\t\t\t\t<\/div>\r\n\t\t\r\n\t\t<script>\r\n\t\t\tjQuery(document).ready(function(){\r\n\t\t\tlet addAnimation = function () {\r\n\t\t\tjQuery(\".skew-up\").each(function (index) {\r\n\t\t\t\tconst text = new SplitType(jQuery(this), {\r\n\t\t\t\ttypes: \"lines, words\",\r\n\t\t\t\tlineClass: \"word-line\"\r\n\t\t\t\t});    let textInstance = jQuery(this);\r\n\t\t\t\tlet line = textInstance.find(\".word-line\");\r\n\t\t\t\tlet word = line.find(\".word\");    let tl = gsap.timeline({\r\n\t\t\t\tscrollTrigger: {\r\n\t\t\t\t\ttrigger: textInstance,\r\n\t\t\t\t\tstart: \"top 85%\",\r\n\t\t\t\t\tend: \"top 100%\",\r\n\t\t\t\t\tonComplete: function () {\r\n\t\t\t\t\tjQuery(textInstance).removeClass(\"skew-up\");\r\n\t\t\t\t\t}\r\n\t\t\t\t}\r\n\t\t\t\t});    tl.set(textInstance, { opacity: 1 }).from(word, {\r\n\t\t\t\ty: \"100%\",\r\n\t\t\t\tskewX: \"-5\",\r\n\t\t\t\tduration: 2,\r\n\t\t\t\tstagger: 0.03,\r\n\t\t\t\tease: \"expo.out\"\r\n\t\t\t\t});\r\n\t\t\t});\r\n\t\t\t};addAnimation();window.addEventListener(\"resize\", function (event) {\r\n\t\t\t\tif (jQuery(window).width() >= 992) {addAnimation(); }\r\n\t\t\t});\r\n\t\t});\r\n   \r\n\t\t<\/script>\r\n\t\t\t\t<\/div>\n\t\t\t\t<\/div>\n\t\t\t\t<div class=\"elementor-element elementor-element-120f0c4 elementor-icon-list--layout-traditional elementor-list-item-link-full_width rt-default-class elementor-widget elementor-widget-icon-list\" data-id=\"120f0c4\" data-element_type=\"widget\" data-widget_type=\"icon-list.default\">\n\t\t\t\t<div class=\"elementor-widget-container\">\n\t\t\t\t\t\t\t<ul class=\"elementor-icon-list-items\">\n\t\t\t\t\t\t\t<li class=\"elementor-icon-list-item\">\n\t\t\t\t\t\t\t\t\t\t\t<span class=\"elementor-icon-list-icon\">\n\t\t\t\t\t\t\t<svg aria-hidden=\"true\" class=\"e-font-icon-svg e-far-check-circle\" viewBox=\"0 0 512 512\" xmlns=\"http:\/\/www.w3.org\/2000\/svg\"><path d=\"M256 8C119.033 8 8 119.033 8 256s111.033 248 248 248 248-111.033 248-248S392.967 8 256 8zm0 48c110.532 0 200 89.451 200 200 0 110.532-89.451 200-200 200-110.532 0-200-89.451-200-200 0-110.532 89.451-200 200-200m140.204 130.267l-22.536-22.718c-4.667-4.705-12.265-4.736-16.97-.068L215.346 303.697l-59.792-60.277c-4.667-4.705-12.265-4.736-16.97-.069l-22.719 22.536c-4.705 4.667-4.736 12.265-.068 16.971l90.781 91.516c4.667 4.705 12.265 4.736 16.97.068l172.589-171.204c4.704-4.668 4.734-12.266.067-16.971z\"><\/path><\/svg>\t\t\t\t\t\t<\/span>\n\t\t\t\t\t\t\t\t\t\t<span class=\"elementor-icon-list-text\">An\u00e1lise comparativa entre o PLAMC e os demais instrumentos de planejamento<\/span>\n\t\t\t\t\t\t\t\t\t<\/li>\n\t\t\t\t\t\t\t\t<li class=\"elementor-icon-list-item\">\n\t\t\t\t\t\t\t\t\t\t\t<span class=\"elementor-icon-list-icon\">\n\t\t\t\t\t\t\t<svg aria-hidden=\"true\" class=\"e-font-icon-svg e-far-check-circle\" viewBox=\"0 0 512 512\" xmlns=\"http:\/\/www.w3.org\/2000\/svg\"><path d=\"M256 8C119.033 8 8 119.033 8 256s111.033 248 248 248 248-111.033 248-248S392.967 8 256 8zm0 48c110.532 0 200 89.451 200 200 0 110.532-89.451 200-200 200-110.532 0-200-89.451-200-200 0-110.532 89.451-200 200-200m140.204 130.267l-22.536-22.718c-4.667-4.705-12.265-4.736-16.97-.068L215.346 303.697l-59.792-60.277c-4.667-4.705-12.265-4.736-16.97-.069l-22.719 22.536c-4.705 4.667-4.736 12.265-.068 16.971l90.781 91.516c4.667 4.705 12.265 4.736 16.97.068l172.589-171.204c4.704-4.668 4.734-12.266.067-16.971z\"><\/path><\/svg>\t\t\t\t\t\t<\/span>\n\t\t\t\t\t\t\t\t\t\t<span class=\"elementor-icon-list-text\">Adequa\u00e7\u00e3o da linguagem e diretrizes para sinergia entre pol\u00edticas p\u00fablicas<\/span>\n\t\t\t\t\t\t\t\t\t<\/li>\n\t\t\t\t\t\t\t\t<li class=\"elementor-icon-list-item\">\n\t\t\t\t\t\t\t\t\t\t\t<span class=\"elementor-icon-list-icon\">\n\t\t\t\t\t\t\t<svg aria-hidden=\"true\" class=\"e-font-icon-svg e-far-check-circle\" viewBox=\"0 0 512 512\" xmlns=\"http:\/\/www.w3.org\/2000\/svg\"><path d=\"M256 8C119.033 8 8 119.033 8 256s111.033 248 248 248 248-111.033 248-248S392.967 8 256 8zm0 48c110.532 0 200 89.451 200 200 0 110.532-89.451 200-200 200-110.532 0-200-89.451-200-200 0-110.532 89.451-200 200-200m140.204 130.267l-22.536-22.718c-4.667-4.705-12.265-4.736-16.97-.068L215.346 303.697l-59.792-60.277c-4.667-4.705-12.265-4.736-16.97-.069l-22.719 22.536c-4.705 4.667-4.736 12.265-.068 16.971l90.781 91.516c4.667 4.705 12.265 4.736 16.97.068l172.589-171.204c4.704-4.668 4.734-12.266.067-16.971z\"><\/path><\/svg>\t\t\t\t\t\t<\/span>\n\t\t\t\t\t\t\t\t\t\t<span class=\"elementor-icon-list-text\">Inclus\u00e3o de a\u00e7\u00f5es clim\u00e1ticas nos planos setoriais existentes<\/span>\n\t\t\t\t\t\t\t\t\t<\/li>\n\t\t\t\t\t\t\t\t<li class=\"elementor-icon-list-item\">\n\t\t\t\t\t\t\t\t\t\t\t<span class=\"elementor-icon-list-icon\">\n\t\t\t\t\t\t\t<svg aria-hidden=\"true\" class=\"e-font-icon-svg e-far-check-circle\" viewBox=\"0 0 512 512\" xmlns=\"http:\/\/www.w3.org\/2000\/svg\"><path d=\"M256 8C119.033 8 8 119.033 8 256s111.033 248 248 248 248-111.033 248-248S392.967 8 256 8zm0 48c110.532 0 200 89.451 200 200 0 110.532-89.451 200-200 200-110.532 0-200-89.451-200-200 0-110.532 89.451-200 200-200m140.204 130.267l-22.536-22.718c-4.667-4.705-12.265-4.736-16.97-.068L215.346 303.697l-59.792-60.277c-4.667-4.705-12.265-4.736-16.97-.069l-22.719 22.536c-4.705 4.667-4.736 12.265-.068 16.971l90.781 91.516c4.667 4.705 12.265 4.736 16.97.068l172.589-171.204c4.704-4.668 4.734-12.266.067-16.971z\"><\/path><\/svg>\t\t\t\t\t\t<\/span>\n\t\t\t\t\t\t\t\t\t\t<span class=\"elementor-icon-list-text\">Relat\u00f3rio de integra\u00e7\u00e3o institucional para \u00f3rg\u00e3os de controle e aprova\u00e7\u00e3o legal<\/span>\n\t\t\t\t\t\t\t\t\t<\/li>\n\t\t\t\t\t\t<\/ul>\n\t\t\t\t\t\t<\/div>\n\t\t\t\t<\/div>\n\t\t\t\t\t<\/div>\n\t\t<\/div>\n\t\t\t\t\t<\/div>\n\t\t<\/section>\n\t\t\t\t<section class=\"elementor-section elementor-inner-section elementor-element elementor-element-2b5188c elementor-section-content-middle elementor-section-boxed elementor-section-height-default elementor-section-height-default rt-default-class\" data-id=\"2b5188c\" data-element_type=\"section\">\n\t\t\t\t\t\t<div class=\"elementor-container elementor-column-gap-default\">\n\t\t\t\t\t<div class=\"elementor-column elementor-col-100 elementor-inner-column elementor-element elementor-element-d98a71c rt-default-class\" data-id=\"d98a71c\" data-element_type=\"column\">\n\t\t\t<div class=\"elementor-widget-wrap elementor-element-populated\">\n\t\t\t\t\t\t<div class=\"elementor-element elementor-element-4ba96f7 rt-default-class elementor-widget elementor-widget-heading\" data-id=\"4ba96f7\" data-element_type=\"widget\" data-widget_type=\"heading.default\">\n\t\t\t\t<div class=\"elementor-widget-container\">\n\t\t\t\t\t<h3 class=\"elementor-heading-title elementor-size-default\">Benef\u00edcios diretos para o cliente<\/h3>\t\t\t\t<\/div>\n\t\t\t\t<\/div>\n\t\t\t\t<div class=\"elementor-element elementor-element-df49509 rt-default-class elementor-widget elementor-widget-text-editor\" data-id=\"df49509\" data-element_type=\"widget\" data-widget_type=\"text-editor.default\">\n\t\t\t\t<div class=\"elementor-widget-container\">\n\t\t\t\t\t\t\t\t\t<ul><li style=\"font-weight: 400;\" aria-level=\"1\"><span style=\"font-weight: 400;\">Evita conflitos entre planos e setores internos da prefeitura<\/span><span style=\"font-weight: 400;\"><br \/><\/span><\/li><li style=\"font-weight: 400;\" aria-level=\"1\"><span style=\"font-weight: 400;\">Cria sinergia entre meio ambiente, habita\u00e7\u00e3o, mobilidade e saneamento<\/span><span style=\"font-weight: 400;\"><br \/><\/span><\/li><li style=\"font-weight: 400;\" aria-level=\"1\"><span style=\"font-weight: 400;\">Garante maior efetividade nas a\u00e7\u00f5es e pol\u00edticas p\u00fablicas<\/span><span style=\"font-weight: 400;\"><br \/><\/span><\/li><li style=\"font-weight: 400;\" aria-level=\"1\"><span style=\"font-weight: 400;\">Fortalece a governan\u00e7a urbana e ambiental<\/span><\/li><\/ul>\t\t\t\t\t\t\t\t<\/div>\n\t\t\t\t<\/div>\n\t\t\t\t\t<\/div>\n\t\t<\/div>\n\t\t\t\t\t<\/div>\n\t\t<\/section>\n\t\t\t\t\t<\/div>\n\t\t<\/div>\n\t\t\t\t<div class=\"elementor-column elementor-col-33 elementor-top-column elementor-element elementor-element-6d9c3a2 rt-default-class\" data-id=\"6d9c3a2\" data-element_type=\"column\">\n\t\t\t<div class=\"elementor-widget-wrap elementor-element-populated\">\n\t\t\t\t\t\t<section class=\"elementor-section elementor-inner-section elementor-element elementor-element-f2575a7 elementor-section-boxed elementor-section-height-default elementor-section-height-default rt-default-class\" data-id=\"f2575a7\" data-element_type=\"section\" data-settings=\"{&quot;background_background&quot;:&quot;classic&quot;}\">\n\t\t\t\t\t\t<div class=\"elementor-container elementor-column-gap-default\">\n\t\t\t\t\t<div class=\"elementor-column elementor-col-100 elementor-inner-column elementor-element elementor-element-2a55518 rt-default-class\" data-id=\"2a55518\" data-element_type=\"column\">\n\t\t\t<div class=\"elementor-widget-wrap elementor-element-populated\">\n\t\t\t\t\t\t<div class=\"elementor-element elementor-element-93009a9 rt-default-class elementor-widget elementor-widget-heading\" data-id=\"93009a9\" data-element_type=\"widget\" data-widget_type=\"heading.default\">\n\t\t\t\t<div class=\"elementor-widget-container\">\n\t\t\t\t\t<h5 class=\"elementor-heading-title elementor-size-default\">Entrar em Contato<\/h5>\t\t\t\t<\/div>\n\t\t\t\t<\/div>\n\t\t\t\t<div class=\"elementor-element elementor-element-5bde7fc rt-default-class elementor-widget elementor-widget-topbar-icon-list\" data-id=\"5bde7fc\" data-element_type=\"widget\" data-widget_type=\"topbar-icon-list.default\">\n\t\t\t\t<div class=\"elementor-widget-container\">\n\t\t\t\t\t \n\n        <div class=\"rt-features-list-content\">                \n            <ul class=\"rt-features-list separator_no border_no rotate_no\">\n                    <li>\n                                                    <div class=\"icon\"><svg aria-hidden=\"true\" class=\"e-font-icon-svg e-far-envelope-open\" viewBox=\"0 0 512 512\" xmlns=\"http:\/\/www.w3.org\/2000\/svg\"><path d=\"M494.586 164.516c-4.697-3.883-111.723-89.95-135.251-108.657C337.231 38.191 299.437 0 256 0c-43.205 0-80.636 37.717-103.335 55.859-24.463 19.45-131.07 105.195-135.15 108.549A48.004 48.004 0 0 0 0 201.485V464c0 26.51 21.49 48 48 48h416c26.51 0 48-21.49 48-48V201.509a48 48 0 0 0-17.414-36.993zM464 458a6 6 0 0 1-6 6H54a6 6 0 0 1-6-6V204.347c0-1.813.816-3.526 2.226-4.665 15.87-12.814 108.793-87.554 132.364-106.293C200.755 78.88 232.398 48 256 48c23.693 0 55.857 31.369 73.41 45.389 23.573 18.741 116.503 93.493 132.366 106.316a5.99 5.99 0 0 1 2.224 4.663V458zm-31.991-187.704c4.249 5.159 3.465 12.795-1.745 16.981-28.975 23.283-59.274 47.597-70.929 56.863C336.636 362.283 299.205 400 256 400c-43.452 0-81.287-38.237-103.335-55.86-11.279-8.967-41.744-33.413-70.927-56.865-5.21-4.187-5.993-11.822-1.745-16.981l15.258-18.528c4.178-5.073 11.657-5.843 16.779-1.726 28.618 23.001 58.566 47.035 70.56 56.571C200.143 320.631 232.307 352 256 352c23.602 0 55.246-30.88 73.41-45.389 11.994-9.535 41.944-33.57 70.563-56.568 5.122-4.116 12.601-3.346 16.778 1.727l15.258 18.526z\"><\/path><\/svg><\/div>                            \n                                                                        <div class=\"query-list\">\n                                                                                       <a href=\"mailto:alexander@grupoinovaclima.com.br\"><span class=\"text-heading\">alexander@grupoinovaclima.com.br<\/span><\/a>                            \n                                                                                <\/div>                        \n                    <\/li>\n                \n            <\/ul>                          \n        <\/div>\n        \t\t\t\t<\/div>\n\t\t\t\t<\/div>\n\t\t\t\t<div class=\"elementor-element elementor-element-68fc514 rt-default-class elementor-widget elementor-widget-topbar-icon-list\" data-id=\"68fc514\" data-element_type=\"widget\" data-widget_type=\"topbar-icon-list.default\">\n\t\t\t\t<div class=\"elementor-widget-container\">\n\t\t\t\t\t \n\n        <div class=\"rt-features-list-content\">                \n            <ul class=\"rt-features-list separator_no border_no rotate_no\">\n                    <li>\n                                                    <div class=\"icon\"><i aria-hidden=\"true\" class=\"rt rt-phone-flip\"><\/i><\/div>                            \n                                                                        <div class=\"query-list\">\n                                                                                       <a href=\"tel:(71)98666-3857\"><span class=\"text-heading\">(71) 98666-3857<\/span><\/a>\n                                                                                    <\/div>                        \n                    <\/li>\n                \n            <\/ul>                          \n        <\/div>\n        \t\t\t\t<\/div>\n\t\t\t\t<\/div>\n\t\t\t\t<div class=\"elementor-element elementor-element-73e8468 rt-default-class elementor-widget elementor-widget-topbar-icon-list\" data-id=\"73e8468\" data-element_type=\"widget\" data-widget_type=\"topbar-icon-list.default\">\n\t\t\t\t<div class=\"elementor-widget-container\">\n\t\t\t\t\t \n\n        <div class=\"rt-features-list-content\">                \n            <ul class=\"rt-features-list separator_no border_no rotate_no\">\n                    <li>\n                                                    <div class=\"icon\"><i aria-hidden=\"true\" class=\"rt rt-location-dot\"><\/i><\/div>                            \n                                                                        <div class=\"query-list\">\n                                                                                                                           <span class=\"text-heading\"> Alameda Salvador, 1057, Torre Europa, sala 1409 Salvador Bahia<\/span>\n                                    \n                                                                                <\/div>                        \n                    <\/li>\n                \n            <\/ul>                          \n        <\/div>\n        \t\t\t\t<\/div>\n\t\t\t\t<\/div>\n\t\t\t\t<div class=\"elementor-element elementor-element-4ed026a rt-default-class elementor-widget elementor-widget-topbar-icon-list\" data-id=\"4ed026a\" data-element_type=\"widget\" data-widget_type=\"topbar-icon-list.default\">\n\t\t\t\t<div class=\"elementor-widget-container\">\n\t\t\t\t\t \n\n        <div class=\"rt-features-list-content\">                \n            <ul class=\"rt-features-list separator_no border_no rotate_no\">\n                    <li>\n                                                    <div class=\"icon\"><svg aria-hidden=\"true\" class=\"e-font-icon-svg e-far-clock\" viewBox=\"0 0 512 512\" xmlns=\"http:\/\/www.w3.org\/2000\/svg\"><path d=\"M256 8C119 8 8 119 8 256s111 248 248 248 248-111 248-248S393 8 256 8zm0 448c-110.5 0-200-89.5-200-200S145.5 56 256 56s200 89.5 200 200-89.5 200-200 200zm61.8-104.4l-84.9-61.7c-3.1-2.3-4.9-5.9-4.9-9.7V116c0-6.6 5.4-12 12-12h32c6.6 0 12 5.4 12 12v141.7l66.8 48.6c5.4 3.9 6.5 11.4 2.6 16.8L334.6 349c-3.9 5.3-11.4 6.5-16.8 2.6z\"><\/path><\/svg><\/div>                            \n                                                                        <div class=\"query-list\">\n                                                                                                                           <span class=\"text-heading\">Seg - Sex ; 09h as 18h<\/span>\n                                    \n                                                                                <\/div>                        \n                    <\/li>\n                \n            <\/ul>                          \n        <\/div>\n        \t\t\t\t<\/div>\n\t\t\t\t<\/div>\n\t\t\t\t\t<\/div>\n\t\t<\/div>\n\t\t\t\t\t<\/div>\n\t\t<\/section>\n\t\t\t\t\t<\/div>\n\t\t<\/div>\n\t\t\t\t\t<\/div>\n\t\t<\/section>\n\t\t\t\t<\/div>\n\t\t","protected":false},"excerpt":{"rendered":"<p>Integra\u00e7\u00e3o do Plano Clim\u00e1tico com o Planejamento Urbano e Territorial Um dos maiores desafios enfrentados por munic\u00edpios \u00e9 a desconex\u00e3o entre os planos e pol\u00edticas p\u00fablicas. A Inovaclima resolve isso por meio da integra\u00e7\u00e3o do plano clim\u00e1tico com o Plano Diretor, Plano de Mobilidade Urbana, Plano de Saneamento e demais instrumentos de gest\u00e3o. Essa integra\u00e7\u00e3o&#8230;<\/p>\n","protected":false},"author":1,"featured_media":0,"parent":0,"menu_order":0,"comment_status":"closed","ping_status":"closed","template":"","meta":{"footnotes":""},"class_list":["post-6639","page","type-page","status-publish","hentry"],"aioseo_notices":[],"_links":{"self":[{"href":"https:\/\/projeto87.doi2versos.com.br\/index.php\/wp-json\/wp\/v2\/pages\/6639","targetHints":{"allow":["GET"]}}],"collection":[{"href":"https:\/\/projeto87.doi2versos.com.br\/index.php\/wp-json\/wp\/v2\/pages"}],"about":[{"href":"https:\/\/projeto87.doi2versos.com.br\/index.php\/wp-json\/wp\/v2\/types\/page"}],"author":[{"embeddable":true,"href":"https:\/\/projeto87.doi2versos.com.br\/index.php\/wp-json\/wp\/v2\/users\/1"}],"replies":[{"embeddable":true,"href":"https:\/\/projeto87.doi2versos.com.br\/index.php\/wp-json\/wp\/v2\/comments?post=6639"}],"version-history":[{"count":10,"href":"https:\/\/projeto87.doi2versos.com.br\/index.php\/wp-json\/wp\/v2\/pages\/6639\/revisions"}],"predecessor-version":[{"id":11119,"href":"https:\/\/projeto87.doi2versos.com.br\/index.php\/wp-json\/wp\/v2\/pages\/6639\/revisions\/11119"}],"wp:attachment":[{"href":"https:\/\/projeto87.doi2versos.com.br\/index.php\/wp-json\/wp\/v2\/media?parent=6639"}],"curies":[{"name":"wp","href":"https:\/\/api.w.org\/{rel}","templated":true}]}}